{"id":20528,"date":"2018-11-30T12:23:29","date_gmt":"2018-11-30T10:23:29","guid":{"rendered":"https:\/\/kipsporand.ee\/poranda-ehitus\/"},"modified":"2020-03-25T12:22:26","modified_gmt":"2020-03-25T10:22:26","slug":"poranda-ehitus","status":"publish","type":"page","link":"https:\/\/kipsporand.ee\/fi\/poranda-ehitus\/","title":{"rendered":"Tietoa meist\u00e4"},"content":{"rendered":"<p><div class=\"fusion-fullwidth fullwidth-box fusion-builder-row-1 fusion-flex-container nonhundred-percent-fullwidth non-hundred-percent-height-scrolling\" style=\"--awb-border-radius-top-left:0px;--awb-border-radius-top-right:0px;--awb-border-radius-bottom-right:0px;--awb-border-radius-bottom-left:0px;--awb-flex-wrap:wrap;\" ><div class=\"fusion-builder-row fusion-row fusion-flex-align-items-flex-start fusion-flex-content-wrap\" style=\"max-width:calc( 1100px + 0px );margin-left: calc(-0px \/ 2 );margin-right: calc(-0px \/ 2 );\"><div class=\"fusion-layout-column fusion_builder_column fusion-builder-column-0 fusion_builder_column_1_1 1_1 fusion-flex-column\" style=\"--awb-bg-size:cover;--awb-width-large:100%;--awb-margin-top-large:0px;--awb-spacing-right-large:0px;--awb-margin-bottom-large:0px;--awb-spacing-left-large:0px;--awb-width-medium:100%;--awb-spacing-right-medium:0px;--awb-spacing-left-medium:0px;--awb-width-small:100%;--awb-spacing-right-small:0px;--awb-spacing-left-small:0px;\"><div class=\"fusion-column-wrapper fusion-flex-justify-content-flex-start fusion-content-layout-column\"><div class=\"fusion-text fusion-text-1\"><h4><strong>VS Nord O\u00dc:n tavoitteena on tarjota asiakkaillemme laadukkaita ja moderneja lattiap\u00e4\u00e4llysteit\u00e4. Olemme erikoistuneet kipsivaluun, mutta k\u00e4yt\u00e4mme tarvittaessa my\u00f6s muita seoksia.<\/strong><\/h4>\n<\/div><\/div><\/div><\/div><\/div><div class=\"fusion-fullwidth fullwidth-box fusion-builder-row-2 fusion-flex-container nonhundred-percent-fullwidth non-hundred-percent-height-scrolling\" style=\"--awb-border-radius-top-left:0px;--awb-border-radius-top-right:0px;--awb-border-radius-bottom-right:0px;--awb-border-radius-bottom-left:0px;--awb-flex-wrap:wrap;\" ><div class=\"fusion-builder-row fusion-row fusion-flex-align-items-flex-start fusion-flex-content-wrap\" style=\"max-width:1144px;margin-left: calc(-4% \/ 2 );margin-right: calc(-4% \/ 2 );\"><div class=\"fusion-layout-column fusion_builder_column fusion-builder-column-1 fusion_builder_column_2_3 2_3 fusion-flex-column\" style=\"--awb-bg-size:cover;--awb-width-large:66.6666666667%;--awb-margin-top-large:0px;--awb-spacing-right-large:3.84%;--awb-margin-bottom-large:20px;--awb-spacing-left-large:2.88%;--awb-width-medium:66.6666666667%;--awb-spacing-right-medium:3.84%;--awb-spacing-left-medium:2.88%;--awb-width-small:100%;--awb-spacing-right-small:1.92%;--awb-spacing-left-small:1.92%;\"><div class=\"fusion-column-wrapper fusion-column-has-shadow fusion-flex-justify-content-flex-start fusion-content-layout-column\"><div class=\"fusion-text fusion-text-2\"><p>Ihmisten terveys on meille hyvin t\u00e4rke\u00e4\u00e4 &#8211; kipsivalu on allergiavapaa ja ymp\u00e4rist\u00f6yst\u00e4v\u00e4llinen materiaali. Se sopii hyvin k\u00e4ytett\u00e4v\u00e4ksi monissa ja erilaisissa olosuhteissa &#8211; omakotitaloissa ja asunnoissa, kivi- ja puutaloissa, olo- tai lastenhuoneissa.<\/p>\n<p>Betoniin verrattuna kipsivalu on ohut ja kuivuu nopeasti, ja se johtaa my\u00f6s l\u00e4mp\u00f6\u00e4 paremmin ja tasaisemmin. Muita t\u00e4rkeit\u00e4 etuja ovat: lattiavalua ei tarvitse raudoittaa, melua vaimentavat ominaisuudet ja palonkest\u00e4vyys.<\/p>\n<p>L\u00e4hestymme jokaista asiakasta ja hanketta henkil\u00f6kohtaisesti. Tarjouspyynn\u00f6n saapuessa teemme tarjouksen tarvittavien ja asiakkaan toivottujen kriteerien perusteella. Valettaan korkealaatuinen lattia, johon asiakas on tyytyv\u00e4inen. <a href=\"https:\/\/kipsporand.ee\/fi\/kipsivalu-sertifikaadid\/\">Lis\u00e4tietoja l\u00f6yd\u00e4t t\u00e4\u00e4lt\u00e4<\/a>.<\/p>\n<\/div><div class=\"fusion-image-element \" style=\"--awb-max-width:100px;--awb-caption-title-font-family:var(--h2_typography-font-family);--awb-caption-title-font-weight:var(--h2_typography-font-weight);--awb-caption-title-font-style:var(--h2_typography-font-style);--awb-caption-title-size:var(--h2_typography-font-size);--awb-caption-title-transform:var(--h2_typography-text-transform);--awb-caption-title-line-height:var(--h2_typography-line-height);--awb-caption-title-letter-spacing:var(--h2_typography-letter-spacing);\"><span class=\" fusion-imageframe imageframe-none imageframe-1 hover-type-none\"><a class=\"fusion-no-lightbox\" href=\"http:\/\/www.knauf.ee\/et\/tooted\/fe-50-largo.html\" target=\"_blank\" aria-label=\"knauf-logo\" rel=\"noopener noreferrer\"><img decoding=\"async\" width=\"300\" height=\"191\" src=\"https:\/\/kipsporand.ee\/wp-content\/uploads\/2020\/03\/knauf-logo.png\" alt class=\"img-responsive wp-image-20626\" srcset=\"https:\/\/kipsporand.ee\/wp-content\/uploads\/2020\/03\/knauf-logo-200x127.png 200w, https:\/\/kipsporand.ee\/wp-content\/uploads\/2020\/03\/knauf-logo.png 300w\" sizes=\"(max-width: 640px) 100vw, 300px\" \/><\/a><\/span><\/div><\/div><\/div><div class=\"fusion-layout-column fusion_builder_column fusion-builder-column-2 fusion_builder_column_1_3 1_3 fusion-flex-column\" style=\"--awb-bg-size:cover;--awb-width-large:33.3333333333%;--awb-margin-top-large:0px;--awb-spacing-right-large:5.76%;--awb-margin-bottom-large:20px;--awb-spacing-left-large:3.83999999999%;--awb-width-medium:33.3333333333%;--awb-spacing-right-medium:5.76%;--awb-spacing-left-medium:3.83999999999%;--awb-width-small:100%;--awb-spacing-right-small:1.92%;--awb-spacing-left-small:1.92%;\"><div class=\"fusion-column-wrapper fusion-column-has-shadow fusion-flex-justify-content-flex-start fusion-content-layout-column\"><div class=\"fusion-image-element \" style=\"text-align:left;--awb-max-width:320px;--awb-caption-title-font-family:var(--h2_typography-font-family);--awb-caption-title-font-weight:var(--h2_typography-font-weight);--awb-caption-title-font-style:var(--h2_typography-font-style);--awb-caption-title-size:var(--h2_typography-font-size);--awb-caption-title-transform:var(--h2_typography-text-transform);--awb-caption-title-line-height:var(--h2_typography-line-height);--awb-caption-title-letter-spacing:var(--h2_typography-letter-spacing);\"><span class=\" fusion-imageframe imageframe-none imageframe-2 hover-type-zoomin\"><img decoding=\"async\" width=\"631\" height=\"705\" alt=\"VS Nord\" title=\"photo_2020-03-25_12-20-09\" src=\"https:\/\/kipsporand.ee\/wp-content\/uploads\/2020\/03\/photo_2020-03-25_12-20-09.jpg\" class=\"img-responsive wp-image-20794\" srcset=\"https:\/\/kipsporand.ee\/wp-content\/uploads\/2020\/03\/photo_2020-03-25_12-20-09-200x223.jpg 200w, https:\/\/kipsporand.ee\/wp-content\/uploads\/2020\/03\/photo_2020-03-25_12-20-09-400x447.jpg 400w, https:\/\/kipsporand.ee\/wp-content\/uploads\/2020\/03\/photo_2020-03-25_12-20-09-600x670.jpg 600w, https:\/\/kipsporand.ee\/wp-content\/uploads\/2020\/03\/photo_2020-03-25_12-20-09.jpg 631w\" sizes=\"(max-width: 640px) 100vw, 631px\" \/><\/span><\/div><\/div><\/div><\/div><\/div><\/p>\n","protected":false},"excerpt":{"rendered":"","protected":false},"author":2,"featured_media":0,"parent":0,"menu_order":0,"comment_status":"closed","ping_status":"closed","template":"","meta":{"inline_featured_image":false,"footnotes":""},"class_list":["post-20528","page","type-page","status-publish","hentry"],"yoast_head":"<!-- This site is optimized with the Yoast SEO plugin v23.3 - https:\/\/yoast.com\/wordpress\/plugins\/seo\/ -->\n<title>VS Nord - Kipsivalu \/ Allergiavapaa \/ Sopii k\u00e4ytett\u00e4v\u00e4ksi miss\u00e4 tahansa<\/title>\n<meta name=\"description\" content=\"VS Nord O\u00dc:n tavoitteena on tarjota asiakkaillemme laadukkaita ja moderneja lattiap\u00e4\u00e4llysteit\u00e4. Olemme erikoistuneet kipsivaluun, mutta k\u00e4yt\u00e4mme tarvittae..\" \/>\n<meta name=\"robots\" content=\"index, follow, max-snippet:-1, max-image-preview:large, max-video-preview:-1\" \/>\n<link rel=\"canonical\" href=\"https:\/\/kipsporand.ee\/fi\/poranda-ehitus\/\" \/>\n<meta property=\"og:locale\" content=\"fi_FI\" \/>\n<meta property=\"og:type\" content=\"article\" \/>\n<meta property=\"og:title\" content=\"VS Nord - Kipsivalu \/ Allergiavapaa \/ Sopii k\u00e4ytett\u00e4v\u00e4ksi miss\u00e4 tahansa\" \/>\n<meta property=\"og:description\" content=\"VS Nord O\u00dc:n tavoitteena on tarjota asiakkaillemme laadukkaita ja moderneja lattiap\u00e4\u00e4llysteit\u00e4. Olemme erikoistuneet kipsivaluun, mutta k\u00e4yt\u00e4mme tarvittae..\" \/>\n<meta property=\"og:url\" content=\"https:\/\/kipsporand.ee\/fi\/poranda-ehitus\/\" \/>\n<meta property=\"og:site_name\" content=\"VS Nord\" \/>\n<meta property=\"article:modified_time\" content=\"2020-03-25T10:22:26+00:00\" \/>\n<meta name=\"twitter:card\" content=\"summary_large_image\" \/>\n<meta name=\"twitter:label1\" content=\"Arvioitu lukuaika\" \/>\n\t<meta name=\"twitter:data1\" content=\"5 minuuttia\" \/>\n<script type=\"application\/ld+json\" class=\"yoast-schema-graph\">{\"@context\":\"https:\/\/schema.org\",\"@graph\":[{\"@type\":\"WebPage\",\"@id\":\"https:\/\/kipsporand.ee\/fi\/poranda-ehitus\/\",\"url\":\"https:\/\/kipsporand.ee\/fi\/poranda-ehitus\/\",\"name\":\"VS Nord - Kipsivalu \/ Allergiavapaa \/ Sopii k\u00e4ytett\u00e4v\u00e4ksi miss\u00e4 tahansa\",\"isPartOf\":{\"@id\":\"https:\/\/kipsporand.ee\/fi\/#website\"},\"datePublished\":\"2018-11-30T10:23:29+00:00\",\"dateModified\":\"2020-03-25T10:22:26+00:00\",\"description\":\"VS Nord O\u00dc:n tavoitteena on tarjota asiakkaillemme laadukkaita ja moderneja lattiap\u00e4\u00e4llysteit\u00e4. Olemme erikoistuneet kipsivaluun, mutta k\u00e4yt\u00e4mme tarvittae..\",\"breadcrumb\":{\"@id\":\"https:\/\/kipsporand.ee\/fi\/poranda-ehitus\/#breadcrumb\"},\"inLanguage\":\"fi\",\"potentialAction\":[{\"@type\":\"ReadAction\",\"target\":[\"https:\/\/kipsporand.ee\/fi\/poranda-ehitus\/\"]}]},{\"@type\":\"BreadcrumbList\",\"@id\":\"https:\/\/kipsporand.ee\/fi\/poranda-ehitus\/#breadcrumb\",\"itemListElement\":[{\"@type\":\"ListItem\",\"position\":1,\"name\":\"Home\",\"item\":\"https:\/\/kipsporand.ee\/fi\/\"},{\"@type\":\"ListItem\",\"position\":2,\"name\":\"Tietoa meist\u00e4\"}]},{\"@type\":\"WebSite\",\"@id\":\"https:\/\/kipsporand.ee\/fi\/#website\",\"url\":\"https:\/\/kipsporand.ee\/fi\/\",\"name\":\"VS Nord\",\"description\":\"Kipsivalu - kaasaegne, allergiavaba, \u00f5huke\",\"potentialAction\":[{\"@type\":\"SearchAction\",\"target\":{\"@type\":\"EntryPoint\",\"urlTemplate\":\"https:\/\/kipsporand.ee\/fi\/?s={search_term_string}\"},\"query-input\":\"required name=search_term_string\"}],\"inLanguage\":\"fi\"}]}<\/script>\n<!-- \/ Yoast SEO plugin. -->","yoast_head_json":{"title":"VS Nord - Kipsivalu \/ Allergiavapaa \/ Sopii k\u00e4ytett\u00e4v\u00e4ksi miss\u00e4 tahansa","description":"VS Nord O\u00dc:n tavoitteena on tarjota asiakkaillemme laadukkaita ja moderneja lattiap\u00e4\u00e4llysteit\u00e4. Olemme erikoistuneet kipsivaluun, mutta k\u00e4yt\u00e4mme tarvittae..","robots":{"index":"index","follow":"follow","max-snippet":"max-snippet:-1","max-image-preview":"max-image-preview:large","max-video-preview":"max-video-preview:-1"},"canonical":"https:\/\/kipsporand.ee\/fi\/poranda-ehitus\/","og_locale":"fi_FI","og_type":"article","og_title":"VS Nord - Kipsivalu \/ Allergiavapaa \/ Sopii k\u00e4ytett\u00e4v\u00e4ksi miss\u00e4 tahansa","og_description":"VS Nord O\u00dc:n tavoitteena on tarjota asiakkaillemme laadukkaita ja moderneja lattiap\u00e4\u00e4llysteit\u00e4. Olemme erikoistuneet kipsivaluun, mutta k\u00e4yt\u00e4mme tarvittae..","og_url":"https:\/\/kipsporand.ee\/fi\/poranda-ehitus\/","og_site_name":"VS Nord","article_modified_time":"2020-03-25T10:22:26+00:00","twitter_card":"summary_large_image","twitter_misc":{"Arvioitu lukuaika":"5 minuuttia"},"schema":{"@context":"https:\/\/schema.org","@graph":[{"@type":"WebPage","@id":"https:\/\/kipsporand.ee\/fi\/poranda-ehitus\/","url":"https:\/\/kipsporand.ee\/fi\/poranda-ehitus\/","name":"VS Nord - Kipsivalu \/ Allergiavapaa \/ Sopii k\u00e4ytett\u00e4v\u00e4ksi miss\u00e4 tahansa","isPartOf":{"@id":"https:\/\/kipsporand.ee\/fi\/#website"},"datePublished":"2018-11-30T10:23:29+00:00","dateModified":"2020-03-25T10:22:26+00:00","description":"VS Nord O\u00dc:n tavoitteena on tarjota asiakkaillemme laadukkaita ja moderneja lattiap\u00e4\u00e4llysteit\u00e4. Olemme erikoistuneet kipsivaluun, mutta k\u00e4yt\u00e4mme tarvittae..","breadcrumb":{"@id":"https:\/\/kipsporand.ee\/fi\/poranda-ehitus\/#breadcrumb"},"inLanguage":"fi","potentialAction":[{"@type":"ReadAction","target":["https:\/\/kipsporand.ee\/fi\/poranda-ehitus\/"]}]},{"@type":"BreadcrumbList","@id":"https:\/\/kipsporand.ee\/fi\/poranda-ehitus\/#breadcrumb","itemListElement":[{"@type":"ListItem","position":1,"name":"Home","item":"https:\/\/kipsporand.ee\/fi\/"},{"@type":"ListItem","position":2,"name":"Tietoa meist\u00e4"}]},{"@type":"WebSite","@id":"https:\/\/kipsporand.ee\/fi\/#website","url":"https:\/\/kipsporand.ee\/fi\/","name":"VS Nord","description":"Kipsivalu - kaasaegne, allergiavaba, \u00f5huke","potentialAction":[{"@type":"SearchAction","target":{"@type":"EntryPoint","urlTemplate":"https:\/\/kipsporand.ee\/fi\/?s={search_term_string}"},"query-input":"required name=search_term_string"}],"inLanguage":"fi"}]}},"_links":{"self":[{"href":"https:\/\/kipsporand.ee\/fi\/wp-json\/wp\/v2\/pages\/20528"}],"collection":[{"href":"https:\/\/kipsporand.ee\/fi\/wp-json\/wp\/v2\/pages"}],"about":[{"href":"https:\/\/kipsporand.ee\/fi\/wp-json\/wp\/v2\/types\/page"}],"author":[{"embeddable":true,"href":"https:\/\/kipsporand.ee\/fi\/wp-json\/wp\/v2\/users\/2"}],"replies":[{"embeddable":true,"href":"https:\/\/kipsporand.ee\/fi\/wp-json\/wp\/v2\/comments?post=20528"}],"version-history":[{"count":5,"href":"https:\/\/kipsporand.ee\/fi\/wp-json\/wp\/v2\/pages\/20528\/revisions"}],"predecessor-version":[{"id":20798,"href":"https:\/\/kipsporand.ee\/fi\/wp-json\/wp\/v2\/pages\/20528\/revisions\/20798"}],"wp:attachment":[{"href":"https:\/\/kipsporand.ee\/fi\/wp-json\/wp\/v2\/media?parent=20528"}],"curies":[{"name":"wp","href":"https:\/\/api.w.org\/{rel}","templated":true}]}}